{"id":567,"date":"2020-06-24T15:37:32","date_gmt":"2020-06-24T19:37:32","guid":{"rendered":"https:\/\/guangaje.gob.ec\/cotopaxi\/?page_id=567"},"modified":"2026-04-07T21:27:54","modified_gmt":"2026-04-08T01:27:54","slug":"pagina-oficial-del-gad-guangaje","status":"publish","type":"page","link":"https:\/\/guangaje.gob.ec\/cotopaxi\/","title":{"rendered":"P\u00e1gina Oficial del GAD Guangaje"},"content":{"rendered":"[vc_row][vc_column][vc_column_text]<strong style=\"text-align: center;\"><span style=\"font-size: 18pt;\"><em><img loading=\"lazy\" decoding=\"async\" class=\" wp-image-1319 aligncenter\" src=\"https:\/\/guangaje.gob.ec\/cotopaxi\/wp-content\/uploads\/2026\/02\/IMG_20260202_100549-550x308.jpg\" alt=\"\" width=\"695\" height=\"389\" srcset=\"https:\/\/guangaje.gob.ec\/cotopaxi\/wp-content\/uploads\/2026\/02\/IMG_20260202_100549-550x308.jpg 550w, https:\/\/guangaje.gob.ec\/cotopaxi\/wp-content\/uploads\/2026\/02\/IMG_20260202_100549-1024x574.jpg 1024w, https:\/\/guangaje.gob.ec\/cotopaxi\/wp-content\/uploads\/2026\/02\/IMG_20260202_100549-768x431.jpg 768w, https:\/\/guangaje.gob.ec\/cotopaxi\/wp-content\/uploads\/2026\/02\/IMG_20260202_100549-1536x861.jpg 1536w, https:\/\/guangaje.gob.ec\/cotopaxi\/wp-content\/uploads\/2026\/02\/IMG_20260202_100549-2048x1148.jpg 2048w\" sizes=\"auto, (max-width: 695px) 100vw, 695px\" \/><\/em><\/span><\/strong><\/p>\n<p style=\"text-align: center;\"><strong>Sra. MAR\u00cdA ROSA TOAQUISA, Pdte. GAD Parroquial de Guangaje<\/strong><\/p>\n<p>&nbsp;<\/p>\n<p style=\"text-align: center;\"><a href=\"https:\/\/www.facebook.com\/profile.php?id=61556078046854\" target=\"_blank\" rel=\"noopener\">https:\/\/www.facebook.com\/profile.php?id=61556078046854<\/a><\/p>\n<p style=\"text-align: center;\"><strong><span style=\"font-size: 18pt;\"><em>PRESIDENCIA PARROQUIAL<\/em><\/span><\/strong><\/p>\n<p>&nbsp;<\/p>\n<blockquote>\n<p data-start=\"255\" data-end=\"447\"><span style=\"font-size: 14pt;\">Estimados conciudadanos y conciudadanas de nuestra querida parroquia Guangaje, reciban un cordial y fraterno saludo de parte del Gobierno Aut\u00f3nomo Descentralizado Parroquial Rural de Guangaje.<\/span><\/p>\n<p data-start=\"449\" data-end=\"835\"><span style=\"font-size: 14pt;\">Asumo con profunda responsabilidad<\/span><\/p>\n<p data-start=\"449\" data-end=\"835\"><span style=\"font-size: 14pt;\">\u00a0y compromiso la Presidencia de nuestra instituci\u00f3n, honrando la memoria y el legado de quien en vida fue el presidente, Sr. Gabriel Otto, cuyo trabajo y dedicaci\u00f3n sentaron bases importantes para el desarrollo de nuestra parroquia. Su ejemplo de servicio y amor por Guangaje permanecer\u00e1 siempre en nuestra memoria y en nuestro accionar.<\/span><\/p>\n<p data-start=\"837\" data-end=\"1189\"><span style=\"font-size: 14pt;\">Agradezco a Dios y a cada uno de ustedes por la confianza depositada en esta nueva administraci\u00f3n. Continuaremos trabajando con firmeza para fortalecer el proceso de desarrollo y transformaci\u00f3n de nuestra parroquia, promoviendo un modelo participativo, inclusivo y equitativo, orientado al Buen Vivir, principio que gu\u00eda nuestra gesti\u00f3n.<\/span><\/p>\n<p data-start=\"1191\" data-end=\"1593\"><span style=\"font-size: 14pt;\">Nuestra administraci\u00f3n reafirma su compromiso con la participaci\u00f3n activa de las comunidades, dirigentes, organizaciones sociales, instituciones y miembros de la Junta Parroquial, como protagonistas de su propio desarrollo. Creemos firmemente que el trabajo conjunto y el di\u00e1logo permanente son la base para alcanzar un verdadero progreso social, econ\u00f3mico, cultural, ecol\u00f3gico y tur\u00edstico en Guangaje.<\/span><\/p>\n<p data-start=\"1595\" data-end=\"1912\"><span style=\"font-size: 14pt;\">Ratificamos nuestra voluntad de llevar adelante una gesti\u00f3n transparente, responsable y honesta. A trav\u00e9s de los medios oficiales y de nuestro portal institucional <strong><a class=\"decorated-link cursor-pointer\" href=\"https:\/\/www.guangaje.gob.ec\" target=\"_new\" rel=\"noopener\" data-start=\"1759\" data-end=\"1778\">www.guangaje.gob.ec<\/a><\/strong>, mantendremos informada a la ciudadan\u00eda sobre los avances, proyectos e inversiones que se ejecuten en beneficio de toda la parroquia.<\/span><\/p>\n<p data-start=\"1914\" data-end=\"2241\"><span style=\"font-size: 14pt;\">La planificaci\u00f3n y ejecuci\u00f3n de obras prioritarias, as\u00ed como el fortalecimiento de la participaci\u00f3n ciudadana, ser\u00e1n pilares fundamentales de esta administraci\u00f3n. Hombres y mujeres comprometidos con el bienestar com\u00fan seguiremos sumando esfuerzos para construir un futuro digno para nuestras familias y las nuevas generaciones.<\/span><\/p>\n<p data-start=\"2243\" data-end=\"2514\"><span style=\"font-size: 14pt;\">Reitero mi gratitud a los miembros de la Junta Parroquial, al equipo t\u00e9cnico y administrativo, a los dirigentes comunitarios y a cada habitante de Guangaje. Con unidad, respeto y trabajo conjunto, continuaremos avanzando hacia el desarrollo integral de nuestra parroquia.<\/span><\/p>\n<p data-start=\"2243\" data-end=\"2514\"><span style=\"font-size: 14pt;\">Muchas gracias<\/span><\/p>\n<p><span style=\"font-size: 14pt;\">Sra. Mar\u00eda Rosa Toaquiza<\/span><br \/>\n<span style=\"color: #000000; font-size: 14pt;\"><strong>Presidenta del GAD Parroquial Rural de Guangaje<\/strong><\/span><\/p><\/blockquote>\n[\/vc_column_text][\/vc_column][\/vc_row][vc_row][vc_column]<div id=\"ultimate-heading-314469d80ef8649f2\" class=\"uvc-heading ult-adjust-bottom-margin ultimate-heading-314469d80ef8649f2 uvc-6022 accent-border-color\" data-hspacer=\"line_only\"  data-halign=\"center\" style=\"text-align:center\"><div class=\"uvc-main-heading ult-responsive\"  data-ultimate-target='.uvc-heading.ultimate-heading-314469d80ef8649f2 h2'  data-responsive-json-new='{\"font-size\":\"desktop:26px;\",\"line-height\":\"desktop:36px;\"}' ><h2 style=\"font-weight:normal;margin-bottom:15px;\">ENLACES DE INTERES<\/h2><\/div><div class=\"uvc-heading-spacer line_only\" style=\"margin-bottom:60px;height:4px;\"><span class=\"uvc-headings-line\" style=\"border-style:solid;border-bottom-width:4px;border-color:#c03940;width:100px;\"><\/span><\/div><\/div><div id=\"ult-carousel-85392463369d80ef864b0a\" class=\"ult-carousel-wrapper   ult_horizontal\" data-gutter=\"15\" data-rtl=\"false\" ><div class=\"ult-carousel-2019563669d80ef864a3f \" >[vc_single_image image=\u00bb572&#8243; onclick=\u00bbcustom_link\u00bb link=\u00bbhttp:\/\/iess.gob.ec\u00bb][vc_single_image image=\u00bb576&#8243; img_size=\u00bb200&#215;100&#8243; onclick=\u00bbcustom_link\u00bb link=\u00bbhttp:\/\/sercop.gob.ec\u00bb][vc_single_image image=\u00bb573&#8243; onclick=\u00bbcustom_link\u00bb link=\u00bbhttp:\/\/gadcotopaxi.gob.ec\u00bb][vc_single_image image=\u00bb574&#8243; onclick=\u00bbcustom_link\u00bb link=\u00bbhttp:\/\/presidencia.gob.ec\u00bb][vc_single_image image=\u00bb571&#8243; img_size=\u00bb230&#215;100&#8243; onclick=\u00bbcustom_link\u00bb link=\u00bbhttp:\/\/conagoparecotopaxi.gob.ec\u00bb][vc_single_image image=\u00bb570&#8243; img_size=\u00bb200&#215;100&#8243; onclick=\u00bbcustom_link\u00bb link=\u00bbhttp:\/\/biess.gob.ec\u00bb]<\/div><\/div>\t\t\t<script type=\"text\/javascript\">\r\n\t\t\t\tjQuery(document).ready(function ($) {\r\n\t\t\t\t\tif( typeof jQuery('.ult-carousel-2019563669d80ef864a3f').slick == \"function\"){\r\n\t\t\t\t\t\t$('.ult-carousel-2019563669d80ef864a3f').slick({dots: true,autoplay: true,autoplaySpeed: 5000,speed: 300,infinite: true,arrows: true,nextArrow: '<button type=\"button\" role=\"button\" aria-label=\"Next\" style=\"color:#333333; font-size:20px;\" class=\"slick-next default\"><i class=\"ultsl-arrow-right4\"><\/i><\/button>',prevArrow: '<button type=\"button\" role=\"button\" aria-label=\"Previous\" style=\"color:#333333; font-size:20px;\" class=\"slick-prev default\"><i class=\"ultsl-arrow-left4\"><\/i><\/button>',slidesToScroll:5,slidesToShow:5,swipe: true,draggable: true,touchMove: true,pauseOnHover: true,pauseOnFocus: false,responsive: [\r\n\t\t\t\t\t\t\t{\r\n\t\t\t\t\t\t\t  breakpoint: 1026,\r\n\t\t\t\t\t\t\t  settings: {\r\n\t\t\t\t\t\t\t\tslidesToShow: 5,\r\n\t\t\t\t\t\t\t\tslidesToScroll: 5,  \r\n\t\t\t\t\t\t\t  }\r\n\t\t\t\t\t\t\t},\r\n\t\t\t\t\t\t\t{\r\n\t\t\t\t\t\t\t  breakpoint: 1025,\r\n\t\t\t\t\t\t\t  settings: {\r\n\t\t\t\t\t\t\t\tslidesToShow: 3,\r\n\t\t\t\t\t\t\t\tslidesToScroll: 3\r\n\t\t\t\t\t\t\t  }\r\n\t\t\t\t\t\t\t},\r\n\t\t\t\t\t\t\t{\r\n\t\t\t\t\t\t\t  breakpoint: 760,\r\n\t\t\t\t\t\t\t  settings: {\r\n\t\t\t\t\t\t\t\tslidesToShow: 2,\r\n\t\t\t\t\t\t\t\tslidesToScroll: 2\r\n\t\t\t\t\t\t\t  }\r\n\t\t\t\t\t\t\t}\r\n\t\t\t\t\t\t],pauseOnDotsHover: true,customPaging: function(slider, i) {\r\n                   return '<i type=\"button\" style= \"color:#333333;\" class=\"ultsl-record\" data-role=\"none\"><\/i>';\r\n                },});\r\n\t\t\t\t\t}\r\n\t\t\t\t});\r\n\t\t\t<\/script>\r\n\t\t\t[\/vc_column][\/vc_row][vc_row][vc_column][vc_column_text]\n[\/vc_column_text][\/vc_column][\/vc_row]\n","protected":false},"excerpt":{"rendered":"<p>[vc_row][vc_column][vc_column_text] Sra. MAR\u00cdA ROSA TOAQUISA, Pdte. GAD Parroquial de Guangaje &nbsp; https:\/\/www.facebook.com\/profile.php?id=61556078046854 PRESIDENCIA PARROQUIAL &nbsp; Estimados conciudadanos y conciudadanas de nuestra querida parroquia Guangaje, reciban un cordial y fraterno saludo de parte del Gobierno Aut\u00f3nomo Descentralizado Parroquial Rural de Guangaje. Asumo con profunda responsabilidad \u00a0y compromiso la Presidencia de nuestra instituci\u00f3n, honrando la memoria y [&hellip;]<\/p>\n","protected":false},"author":2,"featured_media":0,"parent":0,"menu_order":0,"comment_status":"closed","ping_status":"closed","template":"","meta":{"footnotes":""},"class_list":["post-567","page","type-page","status-publish","hentry"],"yoast_head":"<!-- This site is optimized with the Yoast SEO plugin v26.9 - https:\/\/yoast.com\/product\/yoast-seo-wordpress\/ -->\n<title>P\u00e1gina Oficial del GAD Guangaje - GAD parroquial Guangaje<\/title>\n<meta name=\"robots\" content=\"index, follow, max-snippet:-1, max-image-preview:large, max-video-preview:-1\" \/>\n<link rel=\"canonical\" href=\"https:\/\/guangaje.gob.ec\/cotopaxi\/\" \/>\n<meta property=\"og:locale\" content=\"es_ES\" \/>\n<meta property=\"og:type\" content=\"article\" \/>\n<meta property=\"og:title\" content=\"P\u00e1gina Oficial del GAD Guangaje - GAD parroquial Guangaje\" \/>\n<meta property=\"og:description\" content=\"[vc_row][vc_column][vc_column_text] Sra. MAR\u00cdA ROSA TOAQUISA, Pdte. GAD Parroquial de Guangaje &nbsp; https:\/\/www.facebook.com\/profile.php?id=61556078046854 PRESIDENCIA PARROQUIAL &nbsp; Estimados conciudadanos y conciudadanas de nuestra querida parroquia Guangaje, reciban un cordial y fraterno saludo de parte del Gobierno Aut\u00f3nomo Descentralizado Parroquial Rural de Guangaje. Asumo con profunda responsabilidad \u00a0y compromiso la Presidencia de nuestra instituci\u00f3n, honrando la memoria y [&hellip;]\" \/>\n<meta property=\"og:url\" content=\"https:\/\/guangaje.gob.ec\/cotopaxi\/\" \/>\n<meta property=\"og:site_name\" content=\"GAD parroquial Guangaje\" \/>\n<meta property=\"article:modified_time\" content=\"2026-04-08T01:27:54+00:00\" \/>\n<meta property=\"og:image\" content=\"https:\/\/guangaje.gob.ec\/cotopaxi\/wp-content\/uploads\/2026\/02\/IMG_20260202_100549-scaled.jpg\" \/>\n\t<meta property=\"og:image:width\" content=\"2560\" \/>\n\t<meta property=\"og:image:height\" content=\"1436\" \/>\n\t<meta property=\"og:image:type\" content=\"image\/jpeg\" \/>\n<meta name=\"twitter:card\" content=\"summary_large_image\" \/>\n<meta name=\"twitter:label1\" content=\"Tiempo de lectura\" \/>\n\t<meta name=\"twitter:data1\" content=\"1 minuto\" \/>\n<script type=\"application\/ld+json\" class=\"yoast-schema-graph\">{\"@context\":\"https:\/\/schema.org\",\"@graph\":[{\"@type\":\"WebPage\",\"@id\":\"https:\/\/guangaje.gob.ec\/cotopaxi\/\",\"url\":\"https:\/\/guangaje.gob.ec\/cotopaxi\/\",\"name\":\"P\u00e1gina Oficial del GAD Guangaje - GAD parroquial Guangaje\",\"isPartOf\":{\"@id\":\"https:\/\/guangaje.gob.ec\/cotopaxi\/#website\"},\"primaryImageOfPage\":{\"@id\":\"https:\/\/guangaje.gob.ec\/cotopaxi\/#primaryimage\"},\"image\":{\"@id\":\"https:\/\/guangaje.gob.ec\/cotopaxi\/#primaryimage\"},\"thumbnailUrl\":\"https:\/\/guangaje.gob.ec\/cotopaxi\/wp-content\/uploads\/2026\/02\/IMG_20260202_100549-550x308.jpg\",\"datePublished\":\"2020-06-24T19:37:32+00:00\",\"dateModified\":\"2026-04-08T01:27:54+00:00\",\"breadcrumb\":{\"@id\":\"https:\/\/guangaje.gob.ec\/cotopaxi\/#breadcrumb\"},\"inLanguage\":\"es\",\"potentialAction\":[{\"@type\":\"ReadAction\",\"target\":[\"https:\/\/guangaje.gob.ec\/cotopaxi\/\"]}]},{\"@type\":\"ImageObject\",\"inLanguage\":\"es\",\"@id\":\"https:\/\/guangaje.gob.ec\/cotopaxi\/#primaryimage\",\"url\":\"https:\/\/guangaje.gob.ec\/cotopaxi\/wp-content\/uploads\/2026\/02\/IMG_20260202_100549-scaled.jpg\",\"contentUrl\":\"https:\/\/guangaje.gob.ec\/cotopaxi\/wp-content\/uploads\/2026\/02\/IMG_20260202_100549-scaled.jpg\",\"width\":2560,\"height\":1436},{\"@type\":\"BreadcrumbList\",\"@id\":\"https:\/\/guangaje.gob.ec\/cotopaxi\/#breadcrumb\",\"itemListElement\":[{\"@type\":\"ListItem\",\"position\":1,\"name\":\"Home\",\"item\":\"https:\/\/guangaje.gob.ec\/cotopaxi\/\"},{\"@type\":\"ListItem\",\"position\":2,\"name\":\"P\u00e1gina Oficial del GAD Guangaje\"}]},{\"@type\":\"WebSite\",\"@id\":\"https:\/\/guangaje.gob.ec\/cotopaxi\/#website\",\"url\":\"https:\/\/guangaje.gob.ec\/cotopaxi\/\",\"name\":\"GAD parroquial Guangaje\",\"description\":\"Sitio Oficial del GAD Parroquial de Guangaje Cotopaxi\",\"potentialAction\":[{\"@type\":\"SearchAction\",\"target\":{\"@type\":\"EntryPoint\",\"urlTemplate\":\"https:\/\/guangaje.gob.ec\/cotopaxi\/?s={search_term_string}\"},\"query-input\":{\"@type\":\"PropertyValueSpecification\",\"valueRequired\":true,\"valueName\":\"search_term_string\"}}],\"inLanguage\":\"es\"}]}<\/script>\n<!-- \/ Yoast SEO plugin. -->","yoast_head_json":{"title":"P\u00e1gina Oficial del GAD Guangaje - GAD parroquial Guangaje","robots":{"index":"index","follow":"follow","max-snippet":"max-snippet:-1","max-image-preview":"max-image-preview:large","max-video-preview":"max-video-preview:-1"},"canonical":"https:\/\/guangaje.gob.ec\/cotopaxi\/","og_locale":"es_ES","og_type":"article","og_title":"P\u00e1gina Oficial del GAD Guangaje - GAD parroquial Guangaje","og_description":"[vc_row][vc_column][vc_column_text] Sra. MAR\u00cdA ROSA TOAQUISA, Pdte. GAD Parroquial de Guangaje &nbsp; https:\/\/www.facebook.com\/profile.php?id=61556078046854 PRESIDENCIA PARROQUIAL &nbsp; Estimados conciudadanos y conciudadanas de nuestra querida parroquia Guangaje, reciban un cordial y fraterno saludo de parte del Gobierno Aut\u00f3nomo Descentralizado Parroquial Rural de Guangaje. Asumo con profunda responsabilidad \u00a0y compromiso la Presidencia de nuestra instituci\u00f3n, honrando la memoria y [&hellip;]","og_url":"https:\/\/guangaje.gob.ec\/cotopaxi\/","og_site_name":"GAD parroquial Guangaje","article_modified_time":"2026-04-08T01:27:54+00:00","og_image":[{"width":2560,"height":1436,"url":"https:\/\/guangaje.gob.ec\/cotopaxi\/wp-content\/uploads\/2026\/02\/IMG_20260202_100549-scaled.jpg","type":"image\/jpeg"}],"twitter_card":"summary_large_image","twitter_misc":{"Tiempo de lectura":"1 minuto"},"schema":{"@context":"https:\/\/schema.org","@graph":[{"@type":"WebPage","@id":"https:\/\/guangaje.gob.ec\/cotopaxi\/","url":"https:\/\/guangaje.gob.ec\/cotopaxi\/","name":"P\u00e1gina Oficial del GAD Guangaje - GAD parroquial Guangaje","isPartOf":{"@id":"https:\/\/guangaje.gob.ec\/cotopaxi\/#website"},"primaryImageOfPage":{"@id":"https:\/\/guangaje.gob.ec\/cotopaxi\/#primaryimage"},"image":{"@id":"https:\/\/guangaje.gob.ec\/cotopaxi\/#primaryimage"},"thumbnailUrl":"https:\/\/guangaje.gob.ec\/cotopaxi\/wp-content\/uploads\/2026\/02\/IMG_20260202_100549-550x308.jpg","datePublished":"2020-06-24T19:37:32+00:00","dateModified":"2026-04-08T01:27:54+00:00","breadcrumb":{"@id":"https:\/\/guangaje.gob.ec\/cotopaxi\/#breadcrumb"},"inLanguage":"es","potentialAction":[{"@type":"ReadAction","target":["https:\/\/guangaje.gob.ec\/cotopaxi\/"]}]},{"@type":"ImageObject","inLanguage":"es","@id":"https:\/\/guangaje.gob.ec\/cotopaxi\/#primaryimage","url":"https:\/\/guangaje.gob.ec\/cotopaxi\/wp-content\/uploads\/2026\/02\/IMG_20260202_100549-scaled.jpg","contentUrl":"https:\/\/guangaje.gob.ec\/cotopaxi\/wp-content\/uploads\/2026\/02\/IMG_20260202_100549-scaled.jpg","width":2560,"height":1436},{"@type":"BreadcrumbList","@id":"https:\/\/guangaje.gob.ec\/cotopaxi\/#breadcrumb","itemListElement":[{"@type":"ListItem","position":1,"name":"Home","item":"https:\/\/guangaje.gob.ec\/cotopaxi\/"},{"@type":"ListItem","position":2,"name":"P\u00e1gina Oficial del GAD Guangaje"}]},{"@type":"WebSite","@id":"https:\/\/guangaje.gob.ec\/cotopaxi\/#website","url":"https:\/\/guangaje.gob.ec\/cotopaxi\/","name":"GAD parroquial Guangaje","description":"Sitio Oficial del GAD Parroquial de Guangaje Cotopaxi","potentialAction":[{"@type":"SearchAction","target":{"@type":"EntryPoint","urlTemplate":"https:\/\/guangaje.gob.ec\/cotopaxi\/?s={search_term_string}"},"query-input":{"@type":"PropertyValueSpecification","valueRequired":true,"valueName":"search_term_string"}}],"inLanguage":"es"}]}},"_links":{"self":[{"href":"https:\/\/guangaje.gob.ec\/cotopaxi\/wp-json\/wp\/v2\/pages\/567","targetHints":{"allow":["GET"]}}],"collection":[{"href":"https:\/\/guangaje.gob.ec\/cotopaxi\/wp-json\/wp\/v2\/pages"}],"about":[{"href":"https:\/\/guangaje.gob.ec\/cotopaxi\/wp-json\/wp\/v2\/types\/page"}],"author":[{"embeddable":true,"href":"https:\/\/guangaje.gob.ec\/cotopaxi\/wp-json\/wp\/v2\/users\/2"}],"replies":[{"embeddable":true,"href":"https:\/\/guangaje.gob.ec\/cotopaxi\/wp-json\/wp\/v2\/comments?post=567"}],"version-history":[{"count":25,"href":"https:\/\/guangaje.gob.ec\/cotopaxi\/wp-json\/wp\/v2\/pages\/567\/revisions"}],"predecessor-version":[{"id":1418,"href":"https:\/\/guangaje.gob.ec\/cotopaxi\/wp-json\/wp\/v2\/pages\/567\/revisions\/1418"}],"wp:attachment":[{"href":"https:\/\/guangaje.gob.ec\/cotopaxi\/wp-json\/wp\/v2\/media?parent=567"}],"curies":[{"name":"wp","href":"https:\/\/api.w.org\/{rel}","templated":true}]}}