{"id":694,"date":"2022-12-31T10:08:46","date_gmt":"2022-12-31T14:08:46","guid":{"rendered":"https:\/\/guangaje.gob.ec\/cotopaxi\/?page_id=694"},"modified":"2024-10-18T14:27:16","modified_gmt":"2024-10-18T18:27:16","slug":"rendicion-de-cuentas-2023","status":"publish","type":"page","link":"https:\/\/guangaje.gob.ec\/cotopaxi\/rendicion-de-cuentas-2023\/","title":{"rendered":"Rendici\u00f3n de Cuentas 2023"},"content":{"rendered":"<div class=\"gbb-row-wrapper\">\n<div class=\" gbb-row bg-size-default row-background-particles-js\">\n<div class=\"bb-inner remove_margin remove_padding remove_padding_col\">\n<div class=\"bb-container container\">\n<div class=\"row\">\n<div class=\"row-wrapper clearfix\">\n<div class=\"gsc-column col-lg-12 col-md-12 col-sm-12 col-xs-12 \">\n<div class=\"column-inner bg-size-cover \">\n<div class=\"column-content-inner\">\n<div class=\"widget gsc-call-to-action button-bottom text-dark\">\n<div class=\"content-inner clearfix\">\n<div class=\"content\">\n<div class=\"desc\">\n<p style=\"text-align: center;\"><strong><big><big><big><big><big><a href=\"https:\/\/guangaje.gob.ec\/cotopaxi\/wp-content\/uploads\/2024\/10\/Informe-Rendicion-de-cuantas-CPCCS-Institucional.pdf\">Informe Rendicion de cuantas CPCCS Institucional<\/a><\/big><\/big><\/big><\/big><\/big><big><big><big><big><big><span style=\"color: #ff0000;\">Rendimos Cuentas<\/span><\/big><\/big><\/big><\/big><\/big><\/strong><\/p>\n<\/div>\n<\/div>\n<\/div>\n<\/div>\n<\/div>\n<\/div>\n<\/div>\n<\/div>\n<\/div>\n<\/div>\n<\/div>\n<\/div>\n<\/div>\n<div class=\"gbb-row-wrapper\">\n<div class=\" gbb-row bg-size-cover \">\n<div class=\"bb-inner remove_margin remove_padding remove_padding_col\">\n<div class=\"bb-container container-fw\">\n<div class=\"row\">\n<div class=\"row-wrapper clearfix\">\n<div class=\"gsc-column col-lg-12 col-md-12 col-sm-12 col-xs-12 \">\n<div class=\"column-inner bg-size-cover \">\n<div class=\"column-content-inner\"><\/div>\n<\/div>\n<\/div>\n<div class=\"gsc-column col-lg-12 col-md-12 col-sm-12 col-xs-12 \">\n<div class=\"column-inner bg-size-cover \">\n<div class=\"column-content-inner\">\n<div class=\"widget gsc-heading align-center style-1 text-dark padding-bottom-0 padding-top-0 aos-init aos-animate\" data-aos=\"flip-right\" data-aos-delay=\"200\">\n<div class=\"title-desc\">\n<p style=\"text-align: center;\"><span style=\"color: #008000;\"><big><big><big>La Rendici\u00f3n de Cuentas es un proceso de di\u00e1logo e interrelaci\u00f3n entre autoridades y ciudadan\u00eda para informar y poner en su consideraci\u00f3n las acciones, proyectos y resultados de la gesti\u00f3n p\u00fablica.<\/big><\/big><\/big><\/span><\/p>\n<p><span style=\"color: #ff0000;\"><b><strong>Febrero-Marzo<\/strong><\/b><\/span><\/p>\n<p style=\"font-weight: 500;\"><span style=\"color: #008000;\">Fase 1<\/span><\/p>\n<p><b><strong>Planificaci\u00f3n y facilitaci\u00f3n del proceso.<\/strong><\/b><\/p>\n<ul>\n<li>Organizaci\u00f3n del Proceso<\/li>\n<li><a href=\"https:\/\/guangaje.gob.ec\/cotopaxi\/wp-content\/uploads\/2024\/06\/PDOT-8.pdf\">PDOT (8)<\/a><\/li>\n<li><a href=\"https:\/\/guangaje.gob.ec\/cotopaxi\/wp-content\/uploads\/2024\/06\/POA_2023.pdf\">POA_2023<\/a><\/li>\n<li><a href=\"https:\/\/guangaje.gob.ec\/cotopaxi\/wp-content\/uploads\/2024\/06\/20240628085201603.pdf\">Presupuesto<\/a><\/li>\n<li><a href=\"https:\/\/guangaje.gob.ec\/cotopaxi\/wp-content\/uploads\/2024\/06\/20240624094054443.pdf\">Plan de Trabajo<\/a><\/li>\n<li>Consulta a la ciudadan\u00eda<\/li>\n<\/ul>\n<ul style=\"list-style-type: circle;\">\n<li><a href=\"https:\/\/guangaje.gob.ec\/cotopaxi\/wp-content\/uploads\/2024\/06\/20240624100944274.pdf\">Listado sobre los temas que se rendiran cuenta <\/a><\/li>\n<\/ul>\n<ul>\n<li>Conformaci\u00f3n\u00a0 del Comit\u00e9 T\u00e9cnico Mixto<\/li>\n<\/ul>\n<ul style=\"list-style-type: circle;\">\n<li><a href=\"https:\/\/guangaje.gob.ec\/cotopaxi\/wp-content\/uploads\/2024\/06\/20240624094121644.pdf\">Acta de Conformacion <\/a><\/li>\n<\/ul>\n<p><span style=\"color: #ff0000;\"><b><strong>Marzo-Abril<\/strong><\/b><\/span><\/p>\n<p style=\"font-weight: 500;\"><span style=\"color: #008000;\">Fase 2<\/span><\/p>\n<p><b><strong>Evaluaci\u00f3n de la gesti\u00f3n y elaboraci\u00f3n del Informe de Rendici\u00f3n de Cuentas.<\/strong><\/b><\/p>\n<ul>\n<li>Evaluaci\u00f3n de la gesti\u00f3n institucional.\n<ul>\n<li><a href=\"https:\/\/guangaje.gob.ec\/cotopaxi\/wp-content\/uploads\/2024\/06\/20240624103735818.pdf\">Informe narrativo preliminar<\/a><\/li>\n<\/ul>\n<\/li>\n<li>Llenado del formulario del CPCCS.<\/li>\n<li><a href=\"https:\/\/guangaje.gob.ec\/cotopaxi\/wp-content\/uploads\/2024\/06\/20240626144342818.pdf\">Aprobacion del informe por la maxima autoridad<\/a><\/li>\n<li>Entrega previa del informe a la Asamblea Ciudadana o quien haga sus veces.<\/li>\n<\/ul>\n<p>&nbsp;<\/p>\n<p><span style=\"color: #ff0000;\"><b><strong>Mayo<\/strong><\/b><\/span><\/p>\n<p style=\"font-weight: 500;\"><span style=\"color: #008000;\">Fase 3<\/span><\/p>\n<p><b><strong>Deliberaci\u00f3n p\u00fablica y evaluaci\u00f3n ciudadana del Informe de Rendici\u00f3n de Cuentas.<\/strong><\/b><\/p>\n<p>&nbsp;<\/p>\n<ul style=\"list-style-type: circle;\">\n<li>Evaluaci\u00f3n del informe de Rendici\u00f3n de Cuentas.<\/li>\n<li>Difusi\u00f3n previa del <a href=\"https:\/\/guangaje.gob.ec\/cotopaxi\/wp-content\/uploads\/2024\/06\/20240624103735818.pdf\">Informe <\/a>\u00a0de Rendici\u00f3n de Cuentas.<\/li>\n<li><a href=\"https:\/\/www.facebook.com\/photo\/?fbid=462733196121397&amp;set=a.195250579536328\">Convocatoria<\/a> a la deliberaci\u00f3n p\u00fablica y evaluaci\u00f3n ciudadana.<\/li>\n<li><img loading=\"lazy\" decoding=\"async\" class=\"alignnone size-medium wp-image-1014\" src=\"https:\/\/guangaje.gob.ec\/cotopaxi\/wp-content\/uploads\/2024\/06\/Foto-Rendicon-de-ceunta--550x550.jpg\" alt=\"\" width=\"550\" height=\"550\" srcset=\"https:\/\/guangaje.gob.ec\/cotopaxi\/wp-content\/uploads\/2024\/06\/Foto-Rendicon-de-ceunta--550x550.jpg 550w, https:\/\/guangaje.gob.ec\/cotopaxi\/wp-content\/uploads\/2024\/06\/Foto-Rendicon-de-ceunta--1024x1024.jpg 1024w, https:\/\/guangaje.gob.ec\/cotopaxi\/wp-content\/uploads\/2024\/06\/Foto-Rendicon-de-ceunta--150x150.jpg 150w, https:\/\/guangaje.gob.ec\/cotopaxi\/wp-content\/uploads\/2024\/06\/Foto-Rendicon-de-ceunta--768x768.jpg 768w, https:\/\/guangaje.gob.ec\/cotopaxi\/wp-content\/uploads\/2024\/06\/Foto-Rendicon-de-ceunta-.jpg 1080w\" sizes=\"auto, (max-width: 550px) 100vw, 550px\" \/><\/li>\n<li>Deliberaci\u00f3n p\u00fablica y evaluaci\u00f3n ciudadana.<\/li>\n<li><a href=\"https:\/\/guangaje.gob.ec\/cotopaxi\/wp-content\/uploads\/2024\/06\/20240624102741339.pdf\">Registro de Participantes <\/a><\/li>\n<li>aciones presentadas en la deliberaci\u00f3n p\u00fablica.<a href=\"https:\/\/www.facebook.com\/100071541601171\/videos\/7630103423712096\">Video de Rendicion de Cuentas<\/a><\/li>\n<\/ul>\n<p>&nbsp;<\/p>\n<p><span style=\"color: #ff0000;\"><b><strong>Junio<\/strong><\/b><\/span><\/p>\n<p style=\"font-weight: 500;\"><span style=\"color: #008000;\">Fase 4<\/span><\/p>\n<h2 style=\"font-weight: 400;\">Informes de Rendici\u00f3n de Cuentas<\/h2>\n<ul>\n<li>Acta de Deliberaci\u00f3n P\u00fablica del Informe de Rendici\u00f3n de Cuentas del Gobierno Parroquial Rural de Guangaje y Vocales 2023.<\/li>\n<li><a href=\"https:\/\/guangaje.gob.ec\/cotopaxi\/wp-content\/uploads\/2024\/06\/20240626142838019.pdf\">Acta de rendicion de cuentas<\/a><\/li>\n<li>Informe Rendici\u00f3n de cuentas CPCCS<\/li>\n<li><a href=\"https:\/\/guangaje.gob.ec\/cotopaxi\/wp-content\/uploads\/2024\/10\/Informe-Rendicion-de-cuantas-CPCCS-Institucional.pdf\">Informe Rendici\u00f3n de cuantas CPCCS Institucional<\/a><\/li>\n<\/ul>\n<\/div>\n<\/div>\n<\/div>\n<\/div>\n<\/div>\n<\/div>\n<\/div>\n<\/div>\n<\/div>\n<\/div>\n<\/div>\n","protected":false},"excerpt":{"rendered":"<p>Informe Rendicion de cuantas CPCCS InstitucionalRendimos Cuentas La Rendici\u00f3n de Cuentas es un proceso de di\u00e1logo e interrelaci\u00f3n entre autoridades y ciudadan\u00eda para informar y poner en su consideraci\u00f3n las acciones, proyectos y resultados de la gesti\u00f3n p\u00fablica. Febrero-Marzo Fase 1 Planificaci\u00f3n y facilitaci\u00f3n del proceso. Organizaci\u00f3n del Proceso PDOT (8) POA_2023 Presupuesto Plan de [&hellip;]<\/p>\n","protected":false},"author":2,"featured_media":0,"parent":0,"menu_order":0,"comment_status":"closed","ping_status":"closed","template":"","meta":{"footnotes":""},"class_list":["post-694","page","type-page","status-publish","hentry"],"yoast_head":"<!-- This site is optimized with the Yoast SEO plugin v26.9 - https:\/\/yoast.com\/product\/yoast-seo-wordpress\/ -->\n<title>Rendici\u00f3n de Cuentas 2023 - GAD parroquial Guangaje<\/title>\n<meta name=\"description\" content=\"Rendicion de cuentas 2023 - Gad Parroquial Guangaje\" \/>\n<meta name=\"robots\" content=\"index, follow, max-snippet:-1, max-image-preview:large, max-video-preview:-1\" \/>\n<link rel=\"canonical\" href=\"https:\/\/guangaje.gob.ec\/cotopaxi\/rendicion-de-cuentas-2023\/\" \/>\n<meta property=\"og:locale\" content=\"es_ES\" \/>\n<meta property=\"og:type\" content=\"article\" \/>\n<meta property=\"og:title\" content=\"Rendici\u00f3n de Cuentas 2023 - GAD parroquial Guangaje\" \/>\n<meta property=\"og:description\" content=\"Rendicion de cuentas 2023 - Gad Parroquial Guangaje\" \/>\n<meta property=\"og:url\" content=\"https:\/\/guangaje.gob.ec\/cotopaxi\/rendicion-de-cuentas-2023\/\" \/>\n<meta property=\"og:site_name\" content=\"GAD parroquial Guangaje\" \/>\n<meta property=\"article:modified_time\" content=\"2024-10-18T18:27:16+00:00\" \/>\n<meta property=\"og:image\" content=\"https:\/\/guangaje.gob.ec\/cotopaxi\/wp-content\/uploads\/2024\/06\/Foto-Rendicon-de-ceunta--550x550.jpg\" \/>\n<meta name=\"twitter:card\" content=\"summary_large_image\" \/>\n<meta name=\"twitter:label1\" content=\"Tiempo de lectura\" \/>\n\t<meta name=\"twitter:data1\" content=\"2 minutos\" \/>\n<script type=\"application\/ld+json\" class=\"yoast-schema-graph\">{\"@context\":\"https:\/\/schema.org\",\"@graph\":[{\"@type\":\"WebPage\",\"@id\":\"https:\/\/guangaje.gob.ec\/cotopaxi\/rendicion-de-cuentas-2023\/\",\"url\":\"https:\/\/guangaje.gob.ec\/cotopaxi\/rendicion-de-cuentas-2023\/\",\"name\":\"Rendici\u00f3n de Cuentas 2023 - GAD parroquial Guangaje\",\"isPartOf\":{\"@id\":\"https:\/\/guangaje.gob.ec\/cotopaxi\/#website\"},\"primaryImageOfPage\":{\"@id\":\"https:\/\/guangaje.gob.ec\/cotopaxi\/rendicion-de-cuentas-2023\/#primaryimage\"},\"image\":{\"@id\":\"https:\/\/guangaje.gob.ec\/cotopaxi\/rendicion-de-cuentas-2023\/#primaryimage\"},\"thumbnailUrl\":\"https:\/\/guangaje.gob.ec\/cotopaxi\/wp-content\/uploads\/2024\/06\/Foto-Rendicon-de-ceunta--550x550.jpg\",\"datePublished\":\"2022-12-31T14:08:46+00:00\",\"dateModified\":\"2024-10-18T18:27:16+00:00\",\"description\":\"Rendicion de cuentas 2023 - Gad Parroquial Guangaje\",\"breadcrumb\":{\"@id\":\"https:\/\/guangaje.gob.ec\/cotopaxi\/rendicion-de-cuentas-2023\/#breadcrumb\"},\"inLanguage\":\"es\",\"potentialAction\":[{\"@type\":\"ReadAction\",\"target\":[\"https:\/\/guangaje.gob.ec\/cotopaxi\/rendicion-de-cuentas-2023\/\"]}]},{\"@type\":\"ImageObject\",\"inLanguage\":\"es\",\"@id\":\"https:\/\/guangaje.gob.ec\/cotopaxi\/rendicion-de-cuentas-2023\/#primaryimage\",\"url\":\"https:\/\/guangaje.gob.ec\/cotopaxi\/wp-content\/uploads\/2024\/06\/Foto-Rendicon-de-ceunta-.jpg\",\"contentUrl\":\"https:\/\/guangaje.gob.ec\/cotopaxi\/wp-content\/uploads\/2024\/06\/Foto-Rendicon-de-ceunta-.jpg\",\"width\":1080,\"height\":1080},{\"@type\":\"BreadcrumbList\",\"@id\":\"https:\/\/guangaje.gob.ec\/cotopaxi\/rendicion-de-cuentas-2023\/#breadcrumb\",\"itemListElement\":[{\"@type\":\"ListItem\",\"position\":1,\"name\":\"Home\",\"item\":\"https:\/\/guangaje.gob.ec\/cotopaxi\/\"},{\"@type\":\"ListItem\",\"position\":2,\"name\":\"Rendici\u00f3n de Cuentas 2023\"}]},{\"@type\":\"WebSite\",\"@id\":\"https:\/\/guangaje.gob.ec\/cotopaxi\/#website\",\"url\":\"https:\/\/guangaje.gob.ec\/cotopaxi\/\",\"name\":\"GAD parroquial Guangaje\",\"description\":\"Sitio Oficial del GAD Parroquial de Guangaje Cotopaxi\",\"potentialAction\":[{\"@type\":\"SearchAction\",\"target\":{\"@type\":\"EntryPoint\",\"urlTemplate\":\"https:\/\/guangaje.gob.ec\/cotopaxi\/?s={search_term_string}\"},\"query-input\":{\"@type\":\"PropertyValueSpecification\",\"valueRequired\":true,\"valueName\":\"search_term_string\"}}],\"inLanguage\":\"es\"}]}<\/script>\n<!-- \/ Yoast SEO plugin. -->","yoast_head_json":{"title":"Rendici\u00f3n de Cuentas 2023 - GAD parroquial Guangaje","description":"Rendicion de cuentas 2023 - Gad Parroquial Guangaje","robots":{"index":"index","follow":"follow","max-snippet":"max-snippet:-1","max-image-preview":"max-image-preview:large","max-video-preview":"max-video-preview:-1"},"canonical":"https:\/\/guangaje.gob.ec\/cotopaxi\/rendicion-de-cuentas-2023\/","og_locale":"es_ES","og_type":"article","og_title":"Rendici\u00f3n de Cuentas 2023 - GAD parroquial Guangaje","og_description":"Rendicion de cuentas 2023 - Gad Parroquial Guangaje","og_url":"https:\/\/guangaje.gob.ec\/cotopaxi\/rendicion-de-cuentas-2023\/","og_site_name":"GAD parroquial Guangaje","article_modified_time":"2024-10-18T18:27:16+00:00","og_image":[{"url":"https:\/\/guangaje.gob.ec\/cotopaxi\/wp-content\/uploads\/2024\/06\/Foto-Rendicon-de-ceunta--550x550.jpg","type":"","width":"","height":""}],"twitter_card":"summary_large_image","twitter_misc":{"Tiempo de lectura":"2 minutos"},"schema":{"@context":"https:\/\/schema.org","@graph":[{"@type":"WebPage","@id":"https:\/\/guangaje.gob.ec\/cotopaxi\/rendicion-de-cuentas-2023\/","url":"https:\/\/guangaje.gob.ec\/cotopaxi\/rendicion-de-cuentas-2023\/","name":"Rendici\u00f3n de Cuentas 2023 - GAD parroquial Guangaje","isPartOf":{"@id":"https:\/\/guangaje.gob.ec\/cotopaxi\/#website"},"primaryImageOfPage":{"@id":"https:\/\/guangaje.gob.ec\/cotopaxi\/rendicion-de-cuentas-2023\/#primaryimage"},"image":{"@id":"https:\/\/guangaje.gob.ec\/cotopaxi\/rendicion-de-cuentas-2023\/#primaryimage"},"thumbnailUrl":"https:\/\/guangaje.gob.ec\/cotopaxi\/wp-content\/uploads\/2024\/06\/Foto-Rendicon-de-ceunta--550x550.jpg","datePublished":"2022-12-31T14:08:46+00:00","dateModified":"2024-10-18T18:27:16+00:00","description":"Rendicion de cuentas 2023 - Gad Parroquial Guangaje","breadcrumb":{"@id":"https:\/\/guangaje.gob.ec\/cotopaxi\/rendicion-de-cuentas-2023\/#breadcrumb"},"inLanguage":"es","potentialAction":[{"@type":"ReadAction","target":["https:\/\/guangaje.gob.ec\/cotopaxi\/rendicion-de-cuentas-2023\/"]}]},{"@type":"ImageObject","inLanguage":"es","@id":"https:\/\/guangaje.gob.ec\/cotopaxi\/rendicion-de-cuentas-2023\/#primaryimage","url":"https:\/\/guangaje.gob.ec\/cotopaxi\/wp-content\/uploads\/2024\/06\/Foto-Rendicon-de-ceunta-.jpg","contentUrl":"https:\/\/guangaje.gob.ec\/cotopaxi\/wp-content\/uploads\/2024\/06\/Foto-Rendicon-de-ceunta-.jpg","width":1080,"height":1080},{"@type":"BreadcrumbList","@id":"https:\/\/guangaje.gob.ec\/cotopaxi\/rendicion-de-cuentas-2023\/#breadcrumb","itemListElement":[{"@type":"ListItem","position":1,"name":"Home","item":"https:\/\/guangaje.gob.ec\/cotopaxi\/"},{"@type":"ListItem","position":2,"name":"Rendici\u00f3n de Cuentas 2023"}]},{"@type":"WebSite","@id":"https:\/\/guangaje.gob.ec\/cotopaxi\/#website","url":"https:\/\/guangaje.gob.ec\/cotopaxi\/","name":"GAD parroquial Guangaje","description":"Sitio Oficial del GAD Parroquial de Guangaje Cotopaxi","potentialAction":[{"@type":"SearchAction","target":{"@type":"EntryPoint","urlTemplate":"https:\/\/guangaje.gob.ec\/cotopaxi\/?s={search_term_string}"},"query-input":{"@type":"PropertyValueSpecification","valueRequired":true,"valueName":"search_term_string"}}],"inLanguage":"es"}]}},"_links":{"self":[{"href":"https:\/\/guangaje.gob.ec\/cotopaxi\/wp-json\/wp\/v2\/pages\/694","targetHints":{"allow":["GET"]}}],"collection":[{"href":"https:\/\/guangaje.gob.ec\/cotopaxi\/wp-json\/wp\/v2\/pages"}],"about":[{"href":"https:\/\/guangaje.gob.ec\/cotopaxi\/wp-json\/wp\/v2\/types\/page"}],"author":[{"embeddable":true,"href":"https:\/\/guangaje.gob.ec\/cotopaxi\/wp-json\/wp\/v2\/users\/2"}],"replies":[{"embeddable":true,"href":"https:\/\/guangaje.gob.ec\/cotopaxi\/wp-json\/wp\/v2\/comments?post=694"}],"version-history":[{"count":15,"href":"https:\/\/guangaje.gob.ec\/cotopaxi\/wp-json\/wp\/v2\/pages\/694\/revisions"}],"predecessor-version":[{"id":1067,"href":"https:\/\/guangaje.gob.ec\/cotopaxi\/wp-json\/wp\/v2\/pages\/694\/revisions\/1067"}],"wp:attachment":[{"href":"https:\/\/guangaje.gob.ec\/cotopaxi\/wp-json\/wp\/v2\/media?parent=694"}],"curies":[{"name":"wp","href":"https:\/\/api.w.org\/{rel}","templated":true}]}}