{"id":777,"date":"2023-12-30T12:21:47","date_gmt":"2023-12-30T16:21:47","guid":{"rendered":"https:\/\/guangaje.gob.ec\/cotopaxi\/?page_id=777"},"modified":"2025-08-14T14:02:23","modified_gmt":"2025-08-14T18:02:23","slug":"rendicion-de-cuentas-2024","status":"publish","type":"page","link":"https:\/\/guangaje.gob.ec\/cotopaxi\/rendicion-de-cuentas-2024\/","title":{"rendered":"Rendici\u00f3n de Cuentas 2024"},"content":{"rendered":"<p>RESOLUCI\u00d3N CONCEJO DE PARTICIPACI\u00d3N CIUDADANA<\/p>\n<p><a href=\"https:\/\/guangaje.gob.ec\/cotopaxi\/wp-content\/uploads\/2025\/06\/RESOLUCION-No.-CPCCS-PLE-SG-069-2021-476-1.pdf\">RESOLUCION-No.-CPCCS-PLE-SG-069-2021-476<\/a><\/p>\n<p>REFORMA A LA RESOLUCI\u00d3N DE PARTICIPACI\u00d3N CIUDANANA<\/p>\n<p><a href=\"https:\/\/guangaje.gob.ec\/cotopaxi\/wp-content\/uploads\/2025\/07\/punto_2_resolucion_no__cpccs-ple-sg-007-e-2025-0070_firmado-signed0900018001740884325-1-1.pdf\">punto_2_resolucion_no__cpccs-ple-sg-007-e-2025-0070_firmado-signed0900018001740884325 (1)<\/a><\/p>\n<p style=\"text-align: center;\"><span style=\"font-size: 18pt; color: #993366;\"><strong>FASE 1\u00a0<\/strong><\/span><\/p>\n<p>DESIGNACI\u00d3N COMISI\u00d3N PARA EL PROCESO DE RENDICIOCION DE CUENTAS A\u00d1O FISCAL 2024<\/p>\n<p><a href=\"https:\/\/guangaje.gob.ec\/cotopaxi\/wp-content\/uploads\/2025\/07\/Oficio-de-asignacion-de-personal-de-rendicion-de-cuentas.pdf\">Oficio de asignacion de personal de rendici\u00f3n de cuentas<\/a><\/p>\n<p><a href=\"https:\/\/guangaje.gob.ec\/cotopaxi\/wp-content\/uploads\/2025\/07\/Resolucion-de-responsables-de-rendicion-de-cuentas.pdf\">Resoluci\u00f3n de responsables de rendici\u00f3n de cuentas<\/a><\/p>\n<p>ENTREGA DE MATRICES POR PARTE DEL GADPR-G PARA EL REPRESENTANTE DE LA CIUDADANIA.<\/p>\n<p><a href=\"https:\/\/guangaje.gob.ec\/cotopaxi\/wp-content\/uploads\/2025\/07\/Oficio-de-entrega-a-la-ciudadania-1.pdf\">Oficio de entrega de matrices\u00a0 a la ciudadan\u00eda<\/a><\/p>\n<p>ENTREGA DE\u00a0 PAC, POA, ,\u00a0 PLAN DE GOBIERNO DEL SR. GABRIEL OTTO\u00a0 PRESIDENTE DEL GADPR-G,\u00a0 PROGRAMAS Y PROYECTO DEL PDyOT.<\/p>\n<p><a href=\"https:\/\/guangaje.gob.ec\/cotopaxi\/wp-content\/uploads\/2025\/07\/oficio-de-entrega-de-documentos-Gad-POA-PDOT-PLANES.pdf\">oficio de entrega de documentos Gad POA- PDOT- PLANES<\/a><\/p>\n<p>ENTREGA DE TEMAS DE LA CIUDADAN\u00cdA AL GADPR-G<\/p>\n<p><a href=\"https:\/\/guangaje.gob.ec\/cotopaxi\/wp-content\/uploads\/2025\/07\/Entreda-de-Matrices-de-la-Ciudadania-al-GAD.pdf\">Entrega de Matrices de la Ciudadan\u00eda al GAD<\/a><\/p>\n<p style=\"text-align: center;\"><span style=\"font-size: 18pt; color: #993366;\"><strong>FASE 2<\/strong><\/span><\/p>\n<p>ENTREGA DEL INFORME PREL\u00cdMINAR DE RENDICION DE CUENTAS DEL GADPR-GUANGAJE\u00a0 A LA REPRESENTANTE DE LA CIUDADANIA.<\/p>\n<p><a href=\"https:\/\/guangaje.gob.ec\/cotopaxi\/wp-content\/uploads\/2025\/07\/Informe-de-rendicion-de-cuentas-2024-entrega-a-la-ciudadania.pdf\">Informe de rendici\u00f3n de cuentas 2024- entrega a la ciudadan\u00eda<\/a><\/p>\n<p style=\"text-align: center;\"><span style=\"font-size: 18pt; color: #993366;\"><strong>FASE 3<\/strong><\/span><\/p>\n<p>EVALUACI\u00d3N CIUDADANA AL INFORME DE RENDICI\u00d3N DE CUENTAS.<\/p>\n<p><a href=\"https:\/\/guangaje.gob.ec\/cotopaxi\/wp-content\/uploads\/2025\/07\/Oficio-de-evaluacion-del-Informe-de-rendicion-de-cuentas.pdf\">Oficio de evaluaci\u00f3n del Informe de rendici\u00f3n de cuentas<\/a><\/p>\n<p>CONVOCATORIA A LA DELIBERACI\u00d3N P\u00daBLICA DEL INFORME DE RENDICI\u00d3N DE CUENTAS DEL GADPR-GUANGAJE\u00a0 A\u00d1O FISCAL 2024.<\/p>\n<p><img loading=\"lazy\" decoding=\"async\" class=\"alignnone size-medium wp-image-1164\" src=\"https:\/\/guangaje.gob.ec\/cotopaxi\/wp-content\/uploads\/2025\/07\/WhatsApp-Image-2025-07-07-at-16.11.38-550x378.jpeg\" alt=\"\" width=\"550\" height=\"378\" srcset=\"https:\/\/guangaje.gob.ec\/cotopaxi\/wp-content\/uploads\/2025\/07\/WhatsApp-Image-2025-07-07-at-16.11.38-550x378.jpeg 550w, https:\/\/guangaje.gob.ec\/cotopaxi\/wp-content\/uploads\/2025\/07\/WhatsApp-Image-2025-07-07-at-16.11.38-1024x703.jpeg 1024w, https:\/\/guangaje.gob.ec\/cotopaxi\/wp-content\/uploads\/2025\/07\/WhatsApp-Image-2025-07-07-at-16.11.38-768x528.jpeg 768w, https:\/\/guangaje.gob.ec\/cotopaxi\/wp-content\/uploads\/2025\/07\/WhatsApp-Image-2025-07-07-at-16.11.38-1536x1055.jpeg 1536w, https:\/\/guangaje.gob.ec\/cotopaxi\/wp-content\/uploads\/2025\/07\/WhatsApp-Image-2025-07-07-at-16.11.38.jpeg 1600w\" sizes=\"auto, (max-width: 550px) 100vw, 550px\" \/><\/p>\n<p>Registro de entrega de convocatoria.<\/p>\n<p><a href=\"https:\/\/guangaje.gob.ec\/cotopaxi\/wp-content\/uploads\/2025\/08\/Registro-de-entrega-de-convocatoria.pdf\">Registro de entrega de convocatoria<\/a><\/p>\n<p style=\"text-align: left;\"><strong>DELIBERACI\u00d3N\u00a0 P\u00daBLICA DEL INFORME DE RENDICI\u00d3N DE CUENTAS DEL A\u00d1O 2024\u00a0 DEL GADPR- GUANGAJE<\/strong><\/p>\n<p><a href=\"https:\/\/www.facebook.com\/share\/v\/1EEKTFiZVd\/\">https:\/\/www.facebook.com\/share\/v\/1EEKTFiZVd\/<\/a><\/p>\n<p>Registro de asistencia y presentaci\u00f3n de rendici\u00f3n de cuentas<\/p>\n<ul>\n<li><a href=\"https:\/\/guangaje.gob.ec\/cotopaxi\/wp-content\/uploads\/2025\/08\/Registro-de-asistencia-de-Rendicion-de-cuentas-2024-1.pdf\">Registro de asistencia de Rendici\u00f3n de cuentas 2024<\/a><\/li>\n<li><a href=\"https:\/\/guangaje.gob.ec\/cotopaxi\/wp-content\/uploads\/2025\/08\/RENDICION-DE-CUENTAS-2024-OFICIAL.pdf\">RENDICI\u00d3N DE CUENTAS 2024 OFICIAL<\/a><\/li>\n<li><a href=\"https:\/\/guangaje.gob.ec\/cotopaxi\/wp-content\/uploads\/2025\/08\/Rendicion-de-cuentas-presidente-y-vocales.pdf\">Rendici\u00f3n de cuentas presidente y vocales<\/a><\/li>\n<\/ul>\n<p>Aporte ciudadano<\/p>\n<p><a href=\"https:\/\/guangaje.gob.ec\/cotopaxi\/wp-content\/uploads\/2025\/08\/APORTE-CIUDADANO.pdf\">APORTE CIUDADANO&#8230;&#8230;<\/a><\/p>\n<p style=\"text-align: center;\"><span style=\"font-size: 18pt; color: #993366;\"><strong>FASE 4<\/strong><\/span><\/p>\n<p>ACTA DE DELIBERACI\u00d3N P\u00daBLICA DE RENDICI\u00d3N DE CUENTAS 2021 DEL GOBIERNO PARROQUIAL RURAL GUANGAJE Y VOCALES.<\/p>\n<p><a href=\"https:\/\/guangaje.gob.ec\/cotopaxi\/wp-content\/uploads\/2025\/08\/Acta-resndicion-de-cuentas-Ano-fiscal-2024.pdf\">Acta rendici\u00f3n de cuentas A\u00f1o fiscal 2024<\/a><\/p>\n<p>MATRIZ DE RENDICI\u00d3N DE CUENTAS CPCCS<\/p>\n<p><a href=\"https:\/\/guangaje.gob.ec\/cotopaxi\/wp-content\/uploads\/2025\/08\/Matris-de-rendicion-de-cuentas-de-2024.pdf\">Matriz de rendici\u00f3n de cuentas de 2024<\/a><\/p>\n","protected":false},"excerpt":{"rendered":"<p>RESOLUCI\u00d3N CONCEJO DE PARTICIPACI\u00d3N CIUDADANA RESOLUCION-No.-CPCCS-PLE-SG-069-2021-476 REFORMA A LA RESOLUCI\u00d3N DE PARTICIPACI\u00d3N CIUDANANA punto_2_resolucion_no__cpccs-ple-sg-007-e-2025-0070_firmado-signed0900018001740884325 (1) FASE 1\u00a0 DESIGNACI\u00d3N COMISI\u00d3N PARA EL PROCESO DE RENDICIOCION DE CUENTAS A\u00d1O FISCAL 2024 Oficio de asignacion de personal de rendici\u00f3n de cuentas Resoluci\u00f3n de responsables de rendici\u00f3n de cuentas ENTREGA DE MATRICES POR PARTE DEL GADPR-G PARA EL REPRESENTANTE [&hellip;]<\/p>\n","protected":false},"author":2,"featured_media":0,"parent":0,"menu_order":0,"comment_status":"closed","ping_status":"closed","template":"","meta":{"footnotes":""},"class_list":["post-777","page","type-page","status-publish","hentry"],"yoast_head":"<!-- This site is optimized with the Yoast SEO plugin v26.9 - https:\/\/yoast.com\/product\/yoast-seo-wordpress\/ -->\n<title>Rendici\u00f3n de Cuentas 2024 - GAD parroquial Guangaje<\/title>\n<meta name=\"robots\" content=\"index, follow, max-snippet:-1, max-image-preview:large, max-video-preview:-1\" \/>\n<link rel=\"canonical\" href=\"https:\/\/guangaje.gob.ec\/cotopaxi\/rendicion-de-cuentas-2024\/\" \/>\n<meta property=\"og:locale\" content=\"es_ES\" \/>\n<meta property=\"og:type\" content=\"article\" \/>\n<meta property=\"og:title\" content=\"Rendici\u00f3n de Cuentas 2024 - GAD parroquial Guangaje\" \/>\n<meta property=\"og:description\" content=\"RESOLUCI\u00d3N CONCEJO DE PARTICIPACI\u00d3N CIUDADANA RESOLUCION-No.-CPCCS-PLE-SG-069-2021-476 REFORMA A LA RESOLUCI\u00d3N DE PARTICIPACI\u00d3N CIUDANANA punto_2_resolucion_no__cpccs-ple-sg-007-e-2025-0070_firmado-signed0900018001740884325 (1) FASE 1\u00a0 DESIGNACI\u00d3N COMISI\u00d3N PARA EL PROCESO DE RENDICIOCION DE CUENTAS A\u00d1O FISCAL 2024 Oficio de asignacion de personal de rendici\u00f3n de cuentas Resoluci\u00f3n de responsables de rendici\u00f3n de cuentas ENTREGA DE MATRICES POR PARTE DEL GADPR-G PARA EL REPRESENTANTE [&hellip;]\" \/>\n<meta property=\"og:url\" content=\"https:\/\/guangaje.gob.ec\/cotopaxi\/rendicion-de-cuentas-2024\/\" \/>\n<meta property=\"og:site_name\" content=\"GAD parroquial Guangaje\" \/>\n<meta property=\"article:modified_time\" content=\"2025-08-14T18:02:23+00:00\" \/>\n<meta property=\"og:image\" content=\"https:\/\/guangaje.gob.ec\/cotopaxi\/wp-content\/uploads\/2025\/07\/WhatsApp-Image-2025-07-07-at-16.11.38.jpeg\" \/>\n\t<meta property=\"og:image:width\" content=\"1600\" \/>\n\t<meta property=\"og:image:height\" content=\"1099\" \/>\n\t<meta property=\"og:image:type\" content=\"image\/jpeg\" \/>\n<meta name=\"twitter:card\" content=\"summary_large_image\" \/>\n<meta name=\"twitter:label1\" content=\"Tiempo de lectura\" \/>\n\t<meta name=\"twitter:data1\" content=\"2 minutos\" \/>\n<script type=\"application\/ld+json\" class=\"yoast-schema-graph\">{\"@context\":\"https:\/\/schema.org\",\"@graph\":[{\"@type\":\"WebPage\",\"@id\":\"https:\/\/guangaje.gob.ec\/cotopaxi\/rendicion-de-cuentas-2024\/\",\"url\":\"https:\/\/guangaje.gob.ec\/cotopaxi\/rendicion-de-cuentas-2024\/\",\"name\":\"Rendici\u00f3n de Cuentas 2024 - GAD parroquial Guangaje\",\"isPartOf\":{\"@id\":\"https:\/\/guangaje.gob.ec\/cotopaxi\/#website\"},\"primaryImageOfPage\":{\"@id\":\"https:\/\/guangaje.gob.ec\/cotopaxi\/rendicion-de-cuentas-2024\/#primaryimage\"},\"image\":{\"@id\":\"https:\/\/guangaje.gob.ec\/cotopaxi\/rendicion-de-cuentas-2024\/#primaryimage\"},\"thumbnailUrl\":\"https:\/\/guangaje.gob.ec\/cotopaxi\/wp-content\/uploads\/2025\/07\/WhatsApp-Image-2025-07-07-at-16.11.38-550x378.jpeg\",\"datePublished\":\"2023-12-30T16:21:47+00:00\",\"dateModified\":\"2025-08-14T18:02:23+00:00\",\"breadcrumb\":{\"@id\":\"https:\/\/guangaje.gob.ec\/cotopaxi\/rendicion-de-cuentas-2024\/#breadcrumb\"},\"inLanguage\":\"es\",\"potentialAction\":[{\"@type\":\"ReadAction\",\"target\":[\"https:\/\/guangaje.gob.ec\/cotopaxi\/rendicion-de-cuentas-2024\/\"]}]},{\"@type\":\"ImageObject\",\"inLanguage\":\"es\",\"@id\":\"https:\/\/guangaje.gob.ec\/cotopaxi\/rendicion-de-cuentas-2024\/#primaryimage\",\"url\":\"https:\/\/guangaje.gob.ec\/cotopaxi\/wp-content\/uploads\/2025\/07\/WhatsApp-Image-2025-07-07-at-16.11.38.jpeg\",\"contentUrl\":\"https:\/\/guangaje.gob.ec\/cotopaxi\/wp-content\/uploads\/2025\/07\/WhatsApp-Image-2025-07-07-at-16.11.38.jpeg\",\"width\":1600,\"height\":1099},{\"@type\":\"BreadcrumbList\",\"@id\":\"https:\/\/guangaje.gob.ec\/cotopaxi\/rendicion-de-cuentas-2024\/#breadcrumb\",\"itemListElement\":[{\"@type\":\"ListItem\",\"position\":1,\"name\":\"Home\",\"item\":\"https:\/\/guangaje.gob.ec\/cotopaxi\/\"},{\"@type\":\"ListItem\",\"position\":2,\"name\":\"Rendici\u00f3n de Cuentas 2024\"}]},{\"@type\":\"WebSite\",\"@id\":\"https:\/\/guangaje.gob.ec\/cotopaxi\/#website\",\"url\":\"https:\/\/guangaje.gob.ec\/cotopaxi\/\",\"name\":\"GAD parroquial Guangaje\",\"description\":\"Sitio Oficial del GAD Parroquial de Guangaje Cotopaxi\",\"potentialAction\":[{\"@type\":\"SearchAction\",\"target\":{\"@type\":\"EntryPoint\",\"urlTemplate\":\"https:\/\/guangaje.gob.ec\/cotopaxi\/?s={search_term_string}\"},\"query-input\":{\"@type\":\"PropertyValueSpecification\",\"valueRequired\":true,\"valueName\":\"search_term_string\"}}],\"inLanguage\":\"es\"}]}<\/script>\n<!-- \/ Yoast SEO plugin. -->","yoast_head_json":{"title":"Rendici\u00f3n de Cuentas 2024 - GAD parroquial Guangaje","robots":{"index":"index","follow":"follow","max-snippet":"max-snippet:-1","max-image-preview":"max-image-preview:large","max-video-preview":"max-video-preview:-1"},"canonical":"https:\/\/guangaje.gob.ec\/cotopaxi\/rendicion-de-cuentas-2024\/","og_locale":"es_ES","og_type":"article","og_title":"Rendici\u00f3n de Cuentas 2024 - GAD parroquial Guangaje","og_description":"RESOLUCI\u00d3N CONCEJO DE PARTICIPACI\u00d3N CIUDADANA RESOLUCION-No.-CPCCS-PLE-SG-069-2021-476 REFORMA A LA RESOLUCI\u00d3N DE PARTICIPACI\u00d3N CIUDANANA punto_2_resolucion_no__cpccs-ple-sg-007-e-2025-0070_firmado-signed0900018001740884325 (1) FASE 1\u00a0 DESIGNACI\u00d3N COMISI\u00d3N PARA EL PROCESO DE RENDICIOCION DE CUENTAS A\u00d1O FISCAL 2024 Oficio de asignacion de personal de rendici\u00f3n de cuentas Resoluci\u00f3n de responsables de rendici\u00f3n de cuentas ENTREGA DE MATRICES POR PARTE DEL GADPR-G PARA EL REPRESENTANTE [&hellip;]","og_url":"https:\/\/guangaje.gob.ec\/cotopaxi\/rendicion-de-cuentas-2024\/","og_site_name":"GAD parroquial Guangaje","article_modified_time":"2025-08-14T18:02:23+00:00","og_image":[{"width":1600,"height":1099,"url":"https:\/\/guangaje.gob.ec\/cotopaxi\/wp-content\/uploads\/2025\/07\/WhatsApp-Image-2025-07-07-at-16.11.38.jpeg","type":"image\/jpeg"}],"twitter_card":"summary_large_image","twitter_misc":{"Tiempo de lectura":"2 minutos"},"schema":{"@context":"https:\/\/schema.org","@graph":[{"@type":"WebPage","@id":"https:\/\/guangaje.gob.ec\/cotopaxi\/rendicion-de-cuentas-2024\/","url":"https:\/\/guangaje.gob.ec\/cotopaxi\/rendicion-de-cuentas-2024\/","name":"Rendici\u00f3n de Cuentas 2024 - GAD parroquial Guangaje","isPartOf":{"@id":"https:\/\/guangaje.gob.ec\/cotopaxi\/#website"},"primaryImageOfPage":{"@id":"https:\/\/guangaje.gob.ec\/cotopaxi\/rendicion-de-cuentas-2024\/#primaryimage"},"image":{"@id":"https:\/\/guangaje.gob.ec\/cotopaxi\/rendicion-de-cuentas-2024\/#primaryimage"},"thumbnailUrl":"https:\/\/guangaje.gob.ec\/cotopaxi\/wp-content\/uploads\/2025\/07\/WhatsApp-Image-2025-07-07-at-16.11.38-550x378.jpeg","datePublished":"2023-12-30T16:21:47+00:00","dateModified":"2025-08-14T18:02:23+00:00","breadcrumb":{"@id":"https:\/\/guangaje.gob.ec\/cotopaxi\/rendicion-de-cuentas-2024\/#breadcrumb"},"inLanguage":"es","potentialAction":[{"@type":"ReadAction","target":["https:\/\/guangaje.gob.ec\/cotopaxi\/rendicion-de-cuentas-2024\/"]}]},{"@type":"ImageObject","inLanguage":"es","@id":"https:\/\/guangaje.gob.ec\/cotopaxi\/rendicion-de-cuentas-2024\/#primaryimage","url":"https:\/\/guangaje.gob.ec\/cotopaxi\/wp-content\/uploads\/2025\/07\/WhatsApp-Image-2025-07-07-at-16.11.38.jpeg","contentUrl":"https:\/\/guangaje.gob.ec\/cotopaxi\/wp-content\/uploads\/2025\/07\/WhatsApp-Image-2025-07-07-at-16.11.38.jpeg","width":1600,"height":1099},{"@type":"BreadcrumbList","@id":"https:\/\/guangaje.gob.ec\/cotopaxi\/rendicion-de-cuentas-2024\/#breadcrumb","itemListElement":[{"@type":"ListItem","position":1,"name":"Home","item":"https:\/\/guangaje.gob.ec\/cotopaxi\/"},{"@type":"ListItem","position":2,"name":"Rendici\u00f3n de Cuentas 2024"}]},{"@type":"WebSite","@id":"https:\/\/guangaje.gob.ec\/cotopaxi\/#website","url":"https:\/\/guangaje.gob.ec\/cotopaxi\/","name":"GAD parroquial Guangaje","description":"Sitio Oficial del GAD Parroquial de Guangaje Cotopaxi","potentialAction":[{"@type":"SearchAction","target":{"@type":"EntryPoint","urlTemplate":"https:\/\/guangaje.gob.ec\/cotopaxi\/?s={search_term_string}"},"query-input":{"@type":"PropertyValueSpecification","valueRequired":true,"valueName":"search_term_string"}}],"inLanguage":"es"}]}},"_links":{"self":[{"href":"https:\/\/guangaje.gob.ec\/cotopaxi\/wp-json\/wp\/v2\/pages\/777","targetHints":{"allow":["GET"]}}],"collection":[{"href":"https:\/\/guangaje.gob.ec\/cotopaxi\/wp-json\/wp\/v2\/pages"}],"about":[{"href":"https:\/\/guangaje.gob.ec\/cotopaxi\/wp-json\/wp\/v2\/types\/page"}],"author":[{"embeddable":true,"href":"https:\/\/guangaje.gob.ec\/cotopaxi\/wp-json\/wp\/v2\/users\/2"}],"replies":[{"embeddable":true,"href":"https:\/\/guangaje.gob.ec\/cotopaxi\/wp-json\/wp\/v2\/comments?post=777"}],"version-history":[{"count":32,"href":"https:\/\/guangaje.gob.ec\/cotopaxi\/wp-json\/wp\/v2\/pages\/777\/revisions"}],"predecessor-version":[{"id":1203,"href":"https:\/\/guangaje.gob.ec\/cotopaxi\/wp-json\/wp\/v2\/pages\/777\/revisions\/1203"}],"wp:attachment":[{"href":"https:\/\/guangaje.gob.ec\/cotopaxi\/wp-json\/wp\/v2\/media?parent=777"}],"curies":[{"name":"wp","href":"https:\/\/api.w.org\/{rel}","templated":true}]}}